{"id":21,"date":"2023-06-27T09:19:49","date_gmt":"2023-06-27T09:19:49","guid":{"rendered":"http:\/\/hotelvanilla.se\/home\/"},"modified":"2025-09-02T20:28:11","modified_gmt":"2025-09-02T20:28:11","slug":"home","status":"publish","type":"page","link":"https:\/\/hotelvanilla.se\/en\/","title":{"rendered":"Hotel Vanilla"},"content":{"rendered":"\n<div class=\"wp-block-columns is-layout-flex wp-container-core-columns-is-layout-9d6595d7 wp-block-columns-is-layout-flex\">\n<div class=\"wp-block-column is-layout-flow wp-block-column-is-layout-flow\" style=\"padding-top:0;padding-right:var(--wp--preset--spacing--50);padding-bottom:0;padding-left:var(--wp--preset--spacing--50);flex-basis:100%\"><div class=\"wp-block-image\">\n<figure class=\"aligncenter size-full is-resized\"><img loading=\"lazy\" decoding=\"async\" width=\"2252\" height=\"860\" src=\"https:\/\/hotelvanilla.se\/wp-content\/uploads\/2023\/06\/Hotel-Vanilla-logo-300dpi.jpg\" alt=\"fel storlek\" class=\"wp-image-42\" style=\"width:768px\" srcset=\"https:\/\/hotelvanilla.se\/wp-content\/uploads\/2023\/06\/Hotel-Vanilla-logo-300dpi.jpg 2252w, https:\/\/hotelvanilla.se\/wp-content\/uploads\/2023\/06\/Hotel-Vanilla-logo-300dpi-300x115.jpg 300w, https:\/\/hotelvanilla.se\/wp-content\/uploads\/2023\/06\/Hotel-Vanilla-logo-300dpi-1024x391.jpg 1024w, https:\/\/hotelvanilla.se\/wp-content\/uploads\/2023\/06\/Hotel-Vanilla-logo-300dpi-768x293.jpg 768w, https:\/\/hotelvanilla.se\/wp-content\/uploads\/2023\/06\/Hotel-Vanilla-logo-300dpi-1536x587.jpg 1536w, https:\/\/hotelvanilla.se\/wp-content\/uploads\/2023\/06\/Hotel-Vanilla-logo-300dpi-2048x782.jpg 2048w, https:\/\/hotelvanilla.se\/wp-content\/uploads\/2023\/06\/Hotel-Vanilla-logo-300dpi-1568x599.jpg 1568w\" sizes=\"auto, (max-width: 2252px) 100vw, 2252px\" \/><\/figure>\n<\/div><\/div>\n<\/div>\n\n\n\n<div class=\"wp-block-columns has-theme-palette-3-background-color has-background is-layout-flex wp-container-core-columns-is-layout-30ac8118 wp-block-columns-is-layout-flex\" style=\"padding-right:var(--wp--preset--spacing--50);padding-left:var(--wp--preset--spacing--50)\">\n<div class=\"wp-block-column is-layout-flow wp-block-column-is-layout-flow\"><\/div>\n\n\n\n<div class=\"wp-block-column is-layout-flow wp-block-column-is-layout-flow\" style=\"flex-basis:50%\">\n<div class=\"wp-block-buttons is-content-justification-center is-layout-flex wp-container-core-buttons-is-layout-16018d1d wp-block-buttons-is-layout-flex\">\n<div class=\"wp-block-button\"><a class=\"wp-block-button__link has-theme-palette-4-color has-text-color has-background has-link-color wp-element-button\" href=\"https:\/\/hotelvanilla.se\/boka\/\" style=\"background-color:#fffbe8\">BOKA RUM<\/a><\/div>\n<\/div>\n<\/div>\n\n\n\n<div class=\"wp-block-column is-layout-flow wp-block-column-is-layout-flow\"><\/div>\n<\/div>\n\n\n\n<div class=\"wp-block-cover is-light has-parallax\" style=\"padding-right:var(--wp--preset--spacing--50);padding-left:var(--wp--preset--spacing--50);min-height:450px;aspect-ratio:unset;\"><div class=\"wp-block-cover__image-background wp-image-754 size-full has-parallax\" style=\"background-position:50% 50%;background-image:url(http:\/\/hotelvanilla.se\/wp-content\/uploads\/2025\/09\/vanilla.jpg)\"><\/div><span aria-hidden=\"true\" class=\"wp-block-cover__background has-background-dim-40 has-background-dim\" style=\"background-color:#9b948a\"><\/span><div class=\"wp-block-cover__inner-container is-layout-flow wp-block-cover-is-layout-flow\">\n<p class=\"has-text-align-center has-text-color has-link-color has-large-font-size wp-elements-3b921df8748b112b6ed15efaf9ddd3fe\" style=\"color:#fffbe8;font-style:normal;font-weight:800\"><\/p>\n\n\n\n<p class=\"has-text-align-center has-text-color has-link-color has-small-font-size wp-elements-fd0dc3caf5863c9b847464eda5bdda05\" style=\"color:#fffbe8;font-style:normal;font-weight:800\"><\/p>\n<\/div><\/div>\n\n\n\n<div class=\"wp-block-columns is-layout-flex wp-container-core-columns-is-layout-30ac8118 wp-block-columns-is-layout-flex\" style=\"padding-right:var(--wp--preset--spacing--50);padding-left:var(--wp--preset--spacing--50)\">\n<div class=\"wp-block-column is-layout-flow wp-block-column-is-layout-flow\"><\/div>\n\n\n\n<div class=\"wp-block-column is-layout-flow wp-block-column-is-layout-flow\" style=\"flex-basis:50%\">\n<p class=\"has-text-align-center\"><strong><em>Hotel Vanilla<\/em><\/strong><em>&nbsp;\u00e4r ett charmigt och familj\u00e4rt hotell i en hemtrevlig milj\u00f6, centralt bel\u00e4get i G\u00f6teborg. I en byggnad med anor fr\u00e5n 1700-talet finns idag 32 fr\u00e4scha hotellrum med smakfull inredning f\u00f6rdelade p\u00e5 3 v\u00e5ningar. Hotel Vanilla erbjuder sk\u00f6na s\u00e4ngar och vi har valt att g\u00f6ra varje rum personligt \u2013 inget rum \u00e4r det andra likt och alla \u00e4r inredda i en stil som kombinerar internationell och klassisk skandinavisk design.<em> <\/em><\/em><br><br><em><em>Med g\u00e5ngavst\u00e5nd till de popul\u00e4raste restaurangerna, shoppingcentren och turistattraktionerna.<\/em><br>Den personliga pr\u00e4geln och familj\u00e4ra st\u00e4mningen g\u00f6r att du k\u00e4nner dig v\u00e4lkommen s\u00e5 fort du kliver innanf\u00f6r d\u00f6rren.<\/em><\/p>\n<\/div>\n\n\n\n<div class=\"wp-block-column is-layout-flow wp-block-column-is-layout-flow\"><\/div>\n<\/div>\n\n\n\n<div class=\"wp-block-columns is-layout-flex wp-container-core-columns-is-layout-30ac8118 wp-block-columns-is-layout-flex\" style=\"padding-right:var(--wp--preset--spacing--50);padding-left:var(--wp--preset--spacing--50)\">\n<div class=\"wp-block-column is-layout-flow wp-block-column-is-layout-flow\" style=\"flex-basis:15%\"><\/div>\n\n\n\n<div class=\"wp-block-column is-layout-flow wp-block-column-is-layout-flow\">\n<p class=\"has-text-align-left has-small-font-size\" style=\"font-style:italic;font-weight:400\"><strong>Enkelrum standard <\/strong>\u00e4r hotellets standard rum f\u00f6r ensamresen\u00e4rer. 90cm s\u00e4ng.<br><br><strong>Tv\u00e5b\u00e4ddsrum standard<\/strong> \u00e4r anpassat f\u00f6r tv\u00e5 g\u00e4ster, med varsin 90cm s\u00e4ng. I flera av rummen g\u00e5r det boka till en extra s\u00e4ng.<br><br><strong>Dubbelrum standard<\/strong> \u00e4r v\u00e5ra standard rum och passar fint oavsett om du reser sj\u00e4lv eller i s\u00e4llskap.<br>Rummet har en queen size-s\u00e4ng.<\/p>\n\n\n\n<figure class=\"wp-block-image size-full\"><img loading=\"lazy\" decoding=\"async\" width=\"1000\" height=\"1000\" src=\"http:\/\/hotelvanilla.se\/wp-content\/uploads\/2023\/07\/1.jpg\" alt=\"\" class=\"wp-image-485\" srcset=\"https:\/\/hotelvanilla.se\/wp-content\/uploads\/2023\/07\/1.jpg 1000w, https:\/\/hotelvanilla.se\/wp-content\/uploads\/2023\/07\/1-300x300.jpg 300w, https:\/\/hotelvanilla.se\/wp-content\/uploads\/2023\/07\/1-150x150.jpg 150w, https:\/\/hotelvanilla.se\/wp-content\/uploads\/2023\/07\/1-768x768.jpg 768w, https:\/\/hotelvanilla.se\/wp-content\/uploads\/2023\/07\/1-12x12.jpg 12w\" sizes=\"auto, (max-width: 1000px) 100vw, 1000px\" \/><\/figure>\n<\/div>\n\n\n\n<div class=\"wp-block-column is-layout-flow wp-block-column-is-layout-flow\">\n<figure class=\"wp-block-image size-full\"><img loading=\"lazy\" decoding=\"async\" width=\"1000\" height=\"1000\" src=\"http:\/\/hotelvanilla.se\/wp-content\/uploads\/2023\/07\/2.jpg\" alt=\"\" class=\"wp-image-487\" srcset=\"https:\/\/hotelvanilla.se\/wp-content\/uploads\/2023\/07\/2.jpg 1000w, https:\/\/hotelvanilla.se\/wp-content\/uploads\/2023\/07\/2-300x300.jpg 300w, https:\/\/hotelvanilla.se\/wp-content\/uploads\/2023\/07\/2-150x150.jpg 150w, https:\/\/hotelvanilla.se\/wp-content\/uploads\/2023\/07\/2-768x768.jpg 768w, https:\/\/hotelvanilla.se\/wp-content\/uploads\/2023\/07\/2-12x12.jpg 12w\" sizes=\"auto, (max-width: 1000px) 100vw, 1000px\" \/><\/figure>\n\n\n\n<p class=\"has-small-font-size\" style=\"font-style:italic;font-weight:400\"><br><br><strong>Dubbelrum Superior<\/strong> \u00e4r v\u00e5ra lite st\u00f6rre dubbelrum med en king size-s\u00e4ng och gott om plats att sprida ut sig.<br><br>V\u00e5ra <strong>Familjerum <\/strong>\u00e4r hotellets st\u00f6rsta rum med en king size-s\u00e4ng, en b\u00e4ddsoffa och m\u00f6jlighet att s\u00e4tta in en extra s\u00e4ng. Rummen har ocks\u00e5 kylsk\u00e5p.<\/p>\n<\/div>\n\n\n\n<div class=\"wp-block-column is-layout-flow wp-block-column-is-layout-flow\" style=\"flex-basis:15%\"><\/div>\n<\/div>\n\n\n\n<div class=\"wp-block-columns is-layout-flex wp-container-core-columns-is-layout-9d6595d7 wp-block-columns-is-layout-flex\">\n<div class=\"wp-block-column is-layout-flow wp-block-column-is-layout-flow\" style=\"padding-right:var(--wp--preset--spacing--50);padding-left:var(--wp--preset--spacing--50)\">\n<script async=\"\" data-form-id=\"9c7880674ae3c604\" src=\"https:\/\/secured.sirvoy.com\/widget\/sirvoy.js\"><\/script>\n<\/div>\n<\/div>\n\n\n\n<div class=\"wp-block-columns has-theme-palette-3-background-color has-background is-layout-flex wp-container-core-columns-is-layout-9d6595d7 wp-block-columns-is-layout-flex\">\n<div class=\"wp-block-column is-layout-flow wp-block-column-is-layout-flow\"><\/div>\n\n\n\n<div class=\"wp-block-column is-layout-flow wp-block-column-is-layout-flow\" style=\"flex-basis:50%\">\n<div class=\"wp-block-buttons is-content-justification-center is-layout-flex wp-container-core-buttons-is-layout-16018d1d wp-block-buttons-is-layout-flex\">\n<div class=\"wp-block-button\"><a class=\"wp-block-button__link has-theme-palette-4-color has-text-color has-background has-link-color wp-element-button\" href=\"https:\/\/hotelvanilla.se\/boka\/\" style=\"background-color:#fffbe8\">BOKA RUM<\/a><\/div>\n<\/div>\n<\/div>\n\n\n\n<div class=\"wp-block-column is-layout-flow wp-block-column-is-layout-flow\"><\/div>\n<\/div>\n\n\n\n<div class=\"wp-block-columns has-theme-palette-4-color has-text-color has-background has-small-font-size is-layout-flex wp-container-core-columns-is-layout-9d6595d7 wp-block-columns-is-layout-flex\" style=\"background-color:#fffbe8\">\n<div class=\"wp-block-column is-vertically-aligned-center is-layout-flow wp-block-column-is-layout-flow\">\n<p class=\"has-text-align-center has-theme-palette-4-color has-text-color has-link-color has-small-font-size wp-elements-a0e136bfc69afbb00bb79361a8bd125e\" style=\"font-style:normal;font-weight:700\"><a href=\"https:\/\/www.google.se\/maps\/place\/Hotel+Vanilla\/@57.7052106,11.9644337,17z\/data=!3m1!4b1!4m9!3m8!1s0x464ff365c689a103:0x58c9ca802d776c12!5m2!4m1!1i2!8m2!3d57.7052078!4d11.9670086!16s%2Fg%2F12hs5wp8w?entry=ttu\" target=\"_blank\" rel=\"noreferrer noopener\">Kyrkogatan 38<br>411 15 G\u00f6teborg<\/a><\/p>\n<\/div>\n\n\n\n<div class=\"wp-block-column is-vertically-aligned-center is-layout-flow wp-block-column-is-layout-flow\">\n<p class=\"has-text-align-center has-theme-palette-4-color has-text-color has-link-color has-small-font-size wp-elements-991d590d4edce324076fdc69d006e871\" style=\"font-style:normal;font-weight:700\"><a href=\"mailto:info@hotelvanilla.se\">info@hotelvanilla.se<\/a><\/p>\n<\/div>\n\n\n\n<div class=\"wp-block-column is-vertically-aligned-center is-layout-flow wp-block-column-is-layout-flow\">\n<p class=\"has-text-align-center has-theme-palette-4-color has-text-color has-link-color has-small-font-size wp-elements-a699e4a25931b778bc0865809fb95c5d\" style=\"font-style:normal;font-weight:700\"><a href=\"tel:0046317116220\">+46 (0)31-711 62 20<\/a><\/p>\n<\/div>\n<\/div>\n\n\n\n<div class=\"wp-block-cover has-parallax\" style=\"min-height:450px;aspect-ratio:unset;\"><div class=\"wp-block-cover__image-background wp-image-101 size-large has-parallax\" style=\"background-position:50% 50%;background-image:url(http:\/\/hotelvanilla.se\/wp-content\/uploads\/2023\/06\/Goteborg-Stora-Hamnkanalen-2-1024x588.jpg)\"><\/div><span aria-hidden=\"true\" class=\"wp-block-cover__background has-background-dim-30 has-background-dim\" style=\"background-color:#877674\"><\/span><div class=\"wp-block-cover__inner-container is-layout-flow wp-block-cover-is-layout-flow\">\n<p class=\"has-text-align-center has-theme-palette-9-color has-text-color has-large-font-size\" style=\"font-style:normal;font-weight:800\"><\/p>\n<\/div><\/div>\n\n\n\n<script type=\"text\/javascript\" charset=\"UTF-8\">\n  \/\/ Till\u00e4gg f\u00f6r Vanilla, ladda r\u00e4tt spr\u00e5k\n  var currentLang = 'sv-SE';\n  try{currentLang = document.getElementsByTagName('html')[0].lang;}\n  catch(err){console.log(err)}\n  var bookVisitFlexWidgetScriptLoaded = false;function bookVisitInitJQuery() {if (typeof (bvJQuery) == \"undefined\") {if (!bookVisitFlexWidgetScriptLoaded) {bookVisitFlexWidgetScriptLoaded = true;document.write(\"<scr\" + \"ipt charset=\\\"UTF-8\\\" type=\\\"text\/javascript\\\" src=\\\"\/\/online.bookvisit.com\/Content\/flexwidget\/FlexWidgetFullScripts.min.js\\\"><\/scr\" + \"ipt>\");}setTimeout(\"bookVisitInitJQuery()\", 50);}else {var baseUrl = \"https:\/\/online.bookvisit.com\/v2\/widget\/getwidget\";(function ($) {$.getJSON(baseUrl + \"?channelId=ae3d9294-02cd-4901-b405-1ab562fdb2e5&culture=\" + currentLang + \"&containerId=widgetContainer&layout=Large2Columns&openOption=redirect&large=false&displayPromoCode=false&displayCorpCode=false&displayIATACode=false\",function (json) {$(\"#widgetContainer\").html(json.Widget);});})(bvJQuery);}}bookVisitInitJQuery();\n  <\/script>\n\n\n\n<iframe src=\"https:\/\/www.google.com\/maps\/embed?pb=!1m18!1m12!1m3!1d2131.662084552002!2d11.964819915293331!3d57.7052106472001!2m3!1f0!2f0!3f0!3m2!1i1024!2i768!4f13.1!3m3!1m2!1s0x464ff365c689a103%3A0x58c9ca802d776c12!2sHotel%20Vanilla!5e0!3m2!1ssv!2sse!4v1644749918787!5m2!1ssv!2sse\" width=\"2000\" height=\"450\" style=\"border:0;\" allowfullscreen=\"\" loading=\"lazy\"><\/iframe>\n\n\n\n<p><\/p>\n","protected":false},"excerpt":{"rendered":"<p>Hotel Vanilla&nbsp;\u00e4r ett charmigt och familj\u00e4rt hotell i en hemtrevlig milj\u00f6, centralt bel\u00e4get i G\u00f6teborg. I en byggnad med anor fr\u00e5n 1700-talet finns idag 32 fr\u00e4scha hotellrum med smakfull inredning f\u00f6rdelade p\u00e5 3 v\u00e5ningar. Hotel Vanilla erbjuder sk\u00f6na s\u00e4ngar och vi har valt att g\u00f6ra varje rum personligt \u2013 inget rum \u00e4r det andra likt&#8230;<\/p>","protected":false},"author":2,"featured_media":0,"parent":0,"menu_order":0,"comment_status":"closed","ping_status":"closed","template":"","meta":{"_kad_post_transparent":"","_kad_post_title":"","_kad_post_layout":"","_kad_post_sidebar_id":"","_kad_post_content_style":"","_kad_post_vertical_padding":"","_kad_post_feature":"","_kad_post_feature_position":"","_kad_post_header":false,"_kad_post_footer":false,"footnotes":""},"class_list":["post-21","page","type-page","status-publish","hentry"],"_links":{"self":[{"href":"https:\/\/hotelvanilla.se\/en\/wp-json\/wp\/v2\/pages\/21","targetHints":{"allow":["GET"]}}],"collection":[{"href":"https:\/\/hotelvanilla.se\/en\/wp-json\/wp\/v2\/pages"}],"about":[{"href":"https:\/\/hotelvanilla.se\/en\/wp-json\/wp\/v2\/types\/page"}],"author":[{"embeddable":true,"href":"https:\/\/hotelvanilla.se\/en\/wp-json\/wp\/v2\/users\/2"}],"replies":[{"embeddable":true,"href":"https:\/\/hotelvanilla.se\/en\/wp-json\/wp\/v2\/comments?post=21"}],"version-history":[{"count":256,"href":"https:\/\/hotelvanilla.se\/en\/wp-json\/wp\/v2\/pages\/21\/revisions"}],"predecessor-version":[{"id":809,"href":"https:\/\/hotelvanilla.se\/en\/wp-json\/wp\/v2\/pages\/21\/revisions\/809"}],"wp:attachment":[{"href":"https:\/\/hotelvanilla.se\/en\/wp-json\/wp\/v2\/media?parent=21"}],"curies":[{"name":"wp","href":"https:\/\/api.w.org\/{rel}","templated":true}]}}