{"id":24,"date":"2023-06-27T09:19:49","date_gmt":"2023-06-27T09:19:49","guid":{"rendered":"http:\/\/hotelvanilla.se\/service\/"},"modified":"2025-09-02T19:53:38","modified_gmt":"2025-09-02T19:53:38","slug":"omoss","status":"publish","type":"page","link":"https:\/\/hotelvanilla.se\/en\/omoss\/","title":{"rendered":"About us"},"content":{"rendered":"<div class=\"wp-block-columns is-layout-flex wp-container-core-columns-is-layout-9d6595d7 wp-block-columns-is-layout-flex\">\n<div class=\"wp-block-column is-layout-flow wp-block-column-is-layout-flow\" style=\"padding-right:var(--wp--preset--spacing--50);padding-left:var(--wp--preset--spacing--50)\"><div class=\"wp-block-image is-resized is-style-default\">\n<figure class=\"aligncenter size-full\"><img loading=\"lazy\" decoding=\"async\" width=\"2252\" height=\"860\" src=\"https:\/\/hotelvanilla.se\/wp-content\/uploads\/2023\/06\/Hotel-Vanilla-logo-300dpi.jpg\" alt=\"fel storlek\" class=\"wp-image-42\" style=\"width:768px\" srcset=\"https:\/\/hotelvanilla.se\/wp-content\/uploads\/2023\/06\/Hotel-Vanilla-logo-300dpi.jpg 2252w, https:\/\/hotelvanilla.se\/wp-content\/uploads\/2023\/06\/Hotel-Vanilla-logo-300dpi-300x115.jpg 300w, https:\/\/hotelvanilla.se\/wp-content\/uploads\/2023\/06\/Hotel-Vanilla-logo-300dpi-1024x391.jpg 1024w, https:\/\/hotelvanilla.se\/wp-content\/uploads\/2023\/06\/Hotel-Vanilla-logo-300dpi-768x293.jpg 768w, https:\/\/hotelvanilla.se\/wp-content\/uploads\/2023\/06\/Hotel-Vanilla-logo-300dpi-1536x587.jpg 1536w, https:\/\/hotelvanilla.se\/wp-content\/uploads\/2023\/06\/Hotel-Vanilla-logo-300dpi-2048x782.jpg 2048w, https:\/\/hotelvanilla.se\/wp-content\/uploads\/2023\/06\/Hotel-Vanilla-logo-300dpi-1568x599.jpg 1568w\" sizes=\"auto, (max-width: 2252px) 100vw, 2252px\" \/><\/figure>\n<\/div><\/div>\n<\/div>\n\n\n\n<div class=\"wp-block-cover has-parallax\" style=\"min-height:400px;aspect-ratio:unset;\"><div class=\"wp-block-cover__image-background wp-image-84 has-parallax\" style=\"background-position:50% 50%;background-image:url(http:\/\/hotelvanilla.se\/wp-content\/uploads\/2023\/06\/Goteborg-forminskad.jpg)\"><\/div><span aria-hidden=\"true\" class=\"wp-block-cover__background has-background-dim-40 has-background-dim\"><\/span><div class=\"wp-block-cover__inner-container is-layout-flow wp-block-cover-is-layout-flow\">\n<p class=\"has-text-align-center has-text-color has-link-color has-large-font-size wp-elements-ec80af347f4732593d822bd384f23035\" style=\"color:#fffbe8;font-style:normal;font-weight:800\"><strong><em>Gothenburg's closest hotel...<\/em><\/strong><\/p>\n\n\n\n<p class=\"has-text-align-center has-small-font-size\" style=\"font-style:normal;font-weight:800\"><\/p>\n<\/div><\/div>\n\n\n\n<div class=\"wp-block-columns is-layout-flex wp-container-core-columns-is-layout-9d6595d7 wp-block-columns-is-layout-flex\">\n<div class=\"wp-block-column is-layout-flow wp-block-column-is-layout-flow\" style=\"flex-basis:15%\"><\/div>\n\n\n\n<div class=\"wp-block-column is-layout-flow wp-block-column-is-layout-flow\">\n<p>We are proud to welcome you to Hotel Vanilla, where the guest experience is our top priority. With us, we strive to create an atmosphere of comfort, well-being and personal service that will make your stay memorable.<\/p>\n\n\n\n<p>At Hotel Vanilla, you don't just get accommodation, but an experience that reflects our commitment to offer the best for our guests. Our hotel is designed with care and attention to detail to create a relaxing and inviting environment. Our rooms are tastefully decorated with modern facilities and amenities that allow you to relax and enjoy your stay with us.<\/p>\n\n\n\n<p>Our dedicated and wonderful team of professional staff are available to assist you with anything you need during your time with us. We strive to create a personal and hospitable atmosphere where you feel welcome and cared for from the moment you step through our doors.<\/p>\n\n\n\n<p>Hotel Vanilla is located in fantastic surroundings, close to the pulse of the city and at the same time secluded enough on a pedestrian street to offer peace and privacy. Whether you're visiting us for business or pleasure, you'll find our location ideal for exploring all that Gothenburg has to offer.<\/p>\n\n\n\n<p>We are proud to be a stand-alone and independent hotel, which gives us the opportunity to create a unique and personal experience for each guest. Our passion for hospitality permeates every aspect of our business.<\/p>\n\n\n\n<p>Let us take care of you during your stay and make your time here unforgettable. We look forward to welcoming you and giving you an experience out of the ordinary.<\/p>\n<\/div>\n\n\n\n<div class=\"wp-block-column is-layout-flow wp-block-column-is-layout-flow\" style=\"flex-basis:15%\"><\/div>\n<\/div>\n\n\n\n<div class=\"wp-block-columns has-background is-layout-flex wp-container-core-columns-is-layout-9d6595d7 wp-block-columns-is-layout-flex\" style=\"background-color:#fffbe8\">\n<div class=\"wp-block-column is-layout-flow wp-block-column-is-layout-flow\" style=\"flex-basis:15%\"><\/div>\n\n\n\n<div class=\"wp-block-column is-layout-flow wp-block-column-is-layout-flow\">\n<p class=\"has-theme-palette-5-color has-text-color has-background has-medium-font-size\" style=\"background-color:#fffbe8;font-style:normal;font-weight:700\">About us<\/p>\n\n\n\n<p class=\"has-theme-palette-5-color has-text-color has-small-font-size\">Our hotel is located in the heart of Gothenburg in a quiet and pleasant area of \u200b\u200bthe city centre. From the hotel, it is within walking distance to Central Station, Gothenburg Opera, Liseberg, shopping and restaurants. <br><br>Hotel Vanilla is located in a building dating back to the 18th century where several original details have been carefully preserved. Our 32 rooms are newly renovated and furnished in a style that combines international and classic Scandinavian design.<br><br>We who work at Hotel Vanilla constantly work to offer high service, care and a personal commitment. That our work with high quality pays off is not least proven by the fine reviews of all returning guests.<\/p>\n<\/div>\n\n\n\n<div class=\"wp-block-column is-layout-flow wp-block-column-is-layout-flow\">\n<p class=\"has-theme-palette-5-color has-text-color has-medium-font-size\" style=\"font-style:normal;font-weight:700\">Good to know<\/p>\n\n\n\n<p class=\"has-theme-palette-5-color has-text-color has-small-font-size\">The hotel is cashless, and all payments are made by card.<br><br>There is no elevator in the building and the hotel rooms are accessed via stairs.<br><br>In all rooms there is a wardrobe with a safe, a workplace, cable TV and a hairdryer. <br>The bathrooms are spacious and there is underfloor heating in all bathrooms. <br>An iron, ironing board and kettle are also available on request.<br><br>We are a completely pet-free hotel. Only guide dogs are exempt from the rule and are welcome everywhere. No other animals are allowed in the hotel.<\/p>\n<\/div>\n\n\n\n<div class=\"wp-block-column has-background is-layout-flow wp-block-column-is-layout-flow\" style=\"background-color:#fffbe8;flex-basis:15%\">\n<p class=\"has-theme-palette-9-color has-text-color has-small-font-size\"><\/p>\n<\/div>\n<\/div>\n\n\n\n<p><\/p>","protected":false},"excerpt":{"rendered":"<p>Vi \u00e4r stolta \u00f6ver att v\u00e4lkomna dig till Hotel Vanilla, d\u00e4r g\u00e4sternas upplevelse \u00e4r v\u00e5r h\u00f6gsta prioritet. Hos oss str\u00e4var vi efter att skapa en atmosf\u00e4r av komfort, trevnad och personlig service som g\u00f6r din vistelse minnesv\u00e4rd. P\u00e5 Hotel Vanilla f\u00e5r du inte bara ett boende, utan en upplevelse som speglar v\u00e5rt engagemang f\u00f6r att&#8230;<\/p>","protected":false},"author":2,"featured_media":0,"parent":0,"menu_order":0,"comment_status":"closed","ping_status":"closed","template":"","meta":{"_kad_post_transparent":"","_kad_post_title":"","_kad_post_layout":"","_kad_post_sidebar_id":"","_kad_post_content_style":"","_kad_post_vertical_padding":"","_kad_post_feature":"","_kad_post_feature_position":"","_kad_post_header":false,"_kad_post_footer":false,"footnotes":""},"class_list":["post-24","page","type-page","status-publish","hentry"],"_links":{"self":[{"href":"https:\/\/hotelvanilla.se\/en\/wp-json\/wp\/v2\/pages\/24","targetHints":{"allow":["GET"]}}],"collection":[{"href":"https:\/\/hotelvanilla.se\/en\/wp-json\/wp\/v2\/pages"}],"about":[{"href":"https:\/\/hotelvanilla.se\/en\/wp-json\/wp\/v2\/types\/page"}],"author":[{"embeddable":true,"href":"https:\/\/hotelvanilla.se\/en\/wp-json\/wp\/v2\/users\/2"}],"replies":[{"embeddable":true,"href":"https:\/\/hotelvanilla.se\/en\/wp-json\/wp\/v2\/comments?post=24"}],"version-history":[{"count":22,"href":"https:\/\/hotelvanilla.se\/en\/wp-json\/wp\/v2\/pages\/24\/revisions"}],"predecessor-version":[{"id":807,"href":"https:\/\/hotelvanilla.se\/en\/wp-json\/wp\/v2\/pages\/24\/revisions\/807"}],"wp:attachment":[{"href":"https:\/\/hotelvanilla.se\/en\/wp-json\/wp\/v2\/media?parent=24"}],"curies":[{"name":"wp","href":"https:\/\/api.w.org\/{rel}","templated":true}]}}